{"id":95,"date":"2017-05-30T06:53:22","date_gmt":"2017-05-30T06:53:22","guid":{"rendered":"http:\/\/www.rettet-die-alb.de\/?page_id=95"},"modified":"2024-06-14T18:57:41","modified_gmt":"2024-06-14T18:57:41","slug":"termine","status":"publish","type":"page","link":"https:\/\/www.rettet-die-alb.de\/?page_id=95","title":{"rendered":"Termine"},"content":{"rendered":"\n<figure class=\"wp-block-image size-full\"><img loading=\"lazy\" decoding=\"async\" width=\"920\" height=\"370\" src=\"https:\/\/www.rettet-die-alb.de\/wp-content\/uploads\/2023\/03\/Steinhilben-4.-Info-Veranstaltung.jpg\" alt=\"\" class=\"wp-image-91686\" srcset=\"https:\/\/www.rettet-die-alb.de\/wp-content\/uploads\/2023\/03\/Steinhilben-4.-Info-Veranstaltung.jpg 920w, https:\/\/www.rettet-die-alb.de\/wp-content\/uploads\/2023\/03\/Steinhilben-4.-Info-Veranstaltung-300x121.jpg 300w, https:\/\/www.rettet-die-alb.de\/wp-content\/uploads\/2023\/03\/Steinhilben-4.-Info-Veranstaltung-768x309.jpg 768w, https:\/\/www.rettet-die-alb.de\/wp-content\/uploads\/2023\/03\/Steinhilben-4.-Info-Veranstaltung-685x275.jpg 685w\" sizes=\"auto, (max-width: 920px) 100vw, 920px\" \/><\/figure>\n\n\n<p><strong><span style=\"font-size: 18pt; color: #ff0000;\">End of Landschaft <span style=\"color: #000000;\"> &#8211; <span style=\"font-size: 14pt;\">der Film<\/span><\/span><\/span><\/strong><\/p>\n<p><img loading=\"lazy\" decoding=\"async\" class=\"alignnone size-full wp-image-352\" src=\"https:\/\/www.rettet-die-alb.de\/wp-content\/uploads\/2019\/01\/Bitz.jpg\" alt=\"\" width=\"578\" height=\"883\" srcset=\"https:\/\/www.rettet-die-alb.de\/wp-content\/uploads\/2019\/01\/Bitz.jpg 578w, https:\/\/www.rettet-die-alb.de\/wp-content\/uploads\/2019\/01\/Bitz-196x300.jpg 196w, https:\/\/www.rettet-die-alb.de\/wp-content\/uploads\/2019\/01\/Bitz-503x768.jpg 503w\" sizes=\"auto, (max-width: 578px) 100vw, 578px\" \/><\/p>\n<p><span style=\"font-size: 18pt;\"><strong>Veranstaltung im B\u00fcrgerhaus in Kettenacker (bei der Kirche) am 9.4.2018 um 19.30 Uhr.<\/strong><\/span><\/p>\n<p><strong><span style=\"font-size: 18pt; font-family: georgia, palatino, serif;\">Lautlose J\u00e4ger der Nacht<\/span><\/strong><\/p>\n<p><span style=\"font-family: Verdana, sans-serif;\">In lauen Sommern\u00e4chten sind sie unterwegs, meist unbemerkt, flattern sie durch die Nacht, die Flederm\u00e4use. Viele Mythen ranken sich um sie, aber trinken sie wirklich Blut oder fliegen in die Haare? <\/span><\/p>\n<p><span style=\"font-family: Verdana, sans-serif;\"><strong>Der multimediale Vortrag von Ingrid Kaipf<\/strong> (AG Fledermausschutz BW) gibt Antworten auf all diese Fragen. <\/span><span style=\"font-family: Verdana, sans-serif;\">Zudem wird auch auf die aktuelle Frage, <\/span><\/p>\n<p><span style=\"font-family: Verdana, sans-serif;\"><strong><span style=\"color: #ff0000;\">wie fledermausfreundlich ist den die Energiewende<\/span><\/strong>, eingegangen.<\/span><\/p><div class=\"twttr_buttons\"><div class=\"twttr_twitter\">\n\t\t\t\t\t<a href=\"http:\/\/twitter.com\/share?text=Termine\" class=\"twitter-share-button\" data-via=\"\" data-hashtags=\"\"  data-size=\"default\" data-url=\"https:\/\/www.rettet-die-alb.de\/?page_id=95\"  data-related=\"\" target=\"_blank\">Tweet<\/a>\n\t\t\t\t<\/div><\/div>","protected":false},"excerpt":{"rendered":"<p>End of Landschaft &#8211; der Film Veranstaltung im B\u00fcrgerhaus in Kettenacker (bei der Kirche) am 9.4.2018 um 19.30 Uhr. Lautlose J\u00e4ger der Nacht In lauen Sommern\u00e4chten sind sie unterwegs, meist unbemerkt, flattern sie durch die Nacht, die Flederm\u00e4use. Viele Mythen ranken sich um sie, aber trinken sie wirklich Blut oder fliegen in die Haare? Der &hellip; <a href=\"https:\/\/www.rettet-die-alb.de\/?page_id=95\" class=\"more-link\"><span class=\"screen-reader-text\">Termine<\/span> weiterlesen<\/a><\/p>\n","protected":false},"author":1,"featured_media":0,"parent":0,"menu_order":0,"comment_status":"closed","ping_status":"closed","template":"","meta":{"footnotes":""},"class_list":["post-95","page","type-page","status-publish","hentry"],"_links":{"self":[{"href":"https:\/\/www.rettet-die-alb.de\/index.php?rest_route=\/wp\/v2\/pages\/95","targetHints":{"allow":["GET"]}}],"collection":[{"href":"https:\/\/www.rettet-die-alb.de\/index.php?rest_route=\/wp\/v2\/pages"}],"about":[{"href":"https:\/\/www.rettet-die-alb.de\/index.php?rest_route=\/wp\/v2\/types\/page"}],"author":[{"embeddable":true,"href":"https:\/\/www.rettet-die-alb.de\/index.php?rest_route=\/wp\/v2\/users\/1"}],"replies":[{"embeddable":true,"href":"https:\/\/www.rettet-die-alb.de\/index.php?rest_route=%2Fwp%2Fv2%2Fcomments&post=95"}],"version-history":[{"count":15,"href":"https:\/\/www.rettet-die-alb.de\/index.php?rest_route=\/wp\/v2\/pages\/95\/revisions"}],"predecessor-version":[{"id":131209,"href":"https:\/\/www.rettet-die-alb.de\/index.php?rest_route=\/wp\/v2\/pages\/95\/revisions\/131209"}],"wp:attachment":[{"href":"https:\/\/www.rettet-die-alb.de\/index.php?rest_route=%2Fwp%2Fv2%2Fmedia&parent=95"}],"curies":[{"name":"wp","href":"https:\/\/api.w.org\/{rel}","templated":true}]}}